{"id":387,"date":"2016-10-05T18:27:32","date_gmt":"2016-10-05T23:27:32","guid":{"rendered":"http:\/\/renovaction.ca\/?page_id=387&#038;lang=fr"},"modified":"2019-12-20T10:46:22","modified_gmt":"2019-12-20T15:46:22","slug":"projet-de-toiture","status":"publish","type":"page","link":"https:\/\/renovaction.ca\/fr\/projets-en-vedette\/projet-de-toiture\/","title":{"rendered":"Projet de toiture"},"content":{"rendered":"","protected":false},"excerpt":{"rendered":"","protected":false},"author":1,"featured_media":0,"parent":224,"menu_order":0,"comment_status":"closed","ping_status":"closed","template":"project.php","meta":{"footnotes":""},"class_list":["post-387","page","type-page","status-publish","hentry"],"yoast_head":"<!-- This site is optimized with the Yoast SEO plugin v26.1.1 - https:\/\/yoast.com\/wordpress\/plugins\/seo\/ -->\n<title>RenovAction | Service de r\u00e9novation de toits \u00e0 Ottawa<\/title>\n<meta name=\"description\" content=\"RenovAction | Nous faisons les r\u00e9novations de toits ainsi que l&#039;installation de toits en m\u00e9tal pour vos r\u00e9sidences \u00e0 Ottawa\" \/>\n<meta name=\"robots\" content=\"index, follow, max-snippet:-1, max-image-preview:large, max-video-preview:-1\" \/>\n<link rel=\"canonical\" href=\"https:\/\/renovaction.ca\/en\/featured-projects\/roofing-project-2\/\" \/>\n<meta property=\"og:locale\" content=\"fr_FR\" \/>\n<meta property=\"og:type\" content=\"article\" \/>\n<meta property=\"og:title\" content=\"RenovAction | Service de r\u00e9novation de toits \u00e0 Ottawa\" \/>\n<meta property=\"og:description\" content=\"RenovAction | Nous faisons les r\u00e9novations de toits ainsi que l&#039;installation de toits en m\u00e9tal pour vos r\u00e9sidences \u00e0 Ottawa\" \/>\n<meta property=\"og:url\" content=\"https:\/\/renovaction.ca\/en\/featured-projects\/roofing-project-2\/\" \/>\n<meta property=\"og:site_name\" content=\"RenovAction | Ottawa Siding | Ottawa Windows | Ottawa Roofing | Ottawa Home Improvements\" \/>\n<meta property=\"article:publisher\" content=\"https:\/\/www.facebook.com\/RenovActionHomeImprovements\/\" \/>\n<meta property=\"article:modified_time\" content=\"2019-12-20T15:46:22+00:00\" \/>\n<meta name=\"twitter:card\" content=\"summary_large_image\" \/>\n<meta name=\"twitter:site\" content=\"@renovactionhome\" \/>\n<script type=\"application\/ld+json\" class=\"yoast-schema-graph\">{\"@context\":\"https:\/\/schema.org\",\"@graph\":[{\"@type\":\"WebPage\",\"@id\":\"https:\/\/renovaction.ca\/en\/featured-projects\/roofing-project-2\/\",\"url\":\"https:\/\/renovaction.ca\/en\/featured-projects\/roofing-project-2\/\",\"name\":\"RenovAction | Service de r\u00e9novation de toits \u00e0 Ottawa\",\"isPartOf\":{\"@id\":\"https:\/\/renovaction.ca\/en\/#website\"},\"datePublished\":\"2016-10-05T23:27:32+00:00\",\"dateModified\":\"2019-12-20T15:46:22+00:00\",\"description\":\"RenovAction | Nous faisons les r\u00e9novations de toits ainsi que l'installation de toits en m\u00e9tal pour vos r\u00e9sidences \u00e0 Ottawa\",\"breadcrumb\":{\"@id\":\"https:\/\/renovaction.ca\/en\/featured-projects\/roofing-project-2\/#breadcrumb\"},\"inLanguage\":\"fr-FR\",\"potentialAction\":[{\"@type\":\"ReadAction\",\"target\":[\"https:\/\/renovaction.ca\/en\/featured-projects\/roofing-project-2\/\"]}]},{\"@type\":\"BreadcrumbList\",\"@id\":\"https:\/\/renovaction.ca\/en\/featured-projects\/roofing-project-2\/#breadcrumb\",\"itemListElement\":[{\"@type\":\"ListItem\",\"position\":1,\"name\":\"Home\",\"item\":\"https:\/\/renovaction.ca\/en\/\"},{\"@type\":\"ListItem\",\"position\":2,\"name\":\"Projets en vedette\",\"item\":\"https:\/\/renovaction.ca\/en\/featured-projects\/\"},{\"@type\":\"ListItem\",\"position\":3,\"name\":\"Projet de toiture\"}]},{\"@type\":\"WebSite\",\"@id\":\"https:\/\/renovaction.ca\/en\/#website\",\"url\":\"https:\/\/renovaction.ca\/en\/\",\"name\":\"RenovAction | Ottawa Siding | Ottawa Windows | Ottawa Roofing | Ottawa Home Improvements\",\"description\":\"RenovAction is a full service renovation company specializing in quality exterior and interior projects in Ottawa.\",\"potentialAction\":[{\"@type\":\"SearchAction\",\"target\":{\"@type\":\"EntryPoint\",\"urlTemplate\":\"https:\/\/renovaction.ca\/en\/?s={search_term_string}\"},\"query-input\":{\"@type\":\"PropertyValueSpecification\",\"valueRequired\":true,\"valueName\":\"search_term_string\"}}],\"inLanguage\":\"fr-FR\"}]}<\/script>\n<!-- \/ Yoast SEO plugin. -->","yoast_head_json":{"title":"RenovAction | Service de r\u00e9novation de toits \u00e0 Ottawa","description":"RenovAction | Nous faisons les r\u00e9novations de toits ainsi que l'installation de toits en m\u00e9tal pour vos r\u00e9sidences \u00e0 Ottawa","robots":{"index":"index","follow":"follow","max-snippet":"max-snippet:-1","max-image-preview":"max-image-preview:large","max-video-preview":"max-video-preview:-1"},"canonical":"https:\/\/renovaction.ca\/en\/featured-projects\/roofing-project-2\/","og_locale":"fr_FR","og_type":"article","og_title":"RenovAction | Service de r\u00e9novation de toits \u00e0 Ottawa","og_description":"RenovAction | Nous faisons les r\u00e9novations de toits ainsi que l'installation de toits en m\u00e9tal pour vos r\u00e9sidences \u00e0 Ottawa","og_url":"https:\/\/renovaction.ca\/en\/featured-projects\/roofing-project-2\/","og_site_name":"RenovAction | Ottawa Siding | Ottawa Windows | Ottawa Roofing | Ottawa Home Improvements","article_publisher":"https:\/\/www.facebook.com\/RenovActionHomeImprovements\/","article_modified_time":"2019-12-20T15:46:22+00:00","twitter_card":"summary_large_image","twitter_site":"@renovactionhome","schema":{"@context":"https:\/\/schema.org","@graph":[{"@type":"WebPage","@id":"https:\/\/renovaction.ca\/en\/featured-projects\/roofing-project-2\/","url":"https:\/\/renovaction.ca\/en\/featured-projects\/roofing-project-2\/","name":"RenovAction | Service de r\u00e9novation de toits \u00e0 Ottawa","isPartOf":{"@id":"https:\/\/renovaction.ca\/en\/#website"},"datePublished":"2016-10-05T23:27:32+00:00","dateModified":"2019-12-20T15:46:22+00:00","description":"RenovAction | Nous faisons les r\u00e9novations de toits ainsi que l'installation de toits en m\u00e9tal pour vos r\u00e9sidences \u00e0 Ottawa","breadcrumb":{"@id":"https:\/\/renovaction.ca\/en\/featured-projects\/roofing-project-2\/#breadcrumb"},"inLanguage":"fr-FR","potentialAction":[{"@type":"ReadAction","target":["https:\/\/renovaction.ca\/en\/featured-projects\/roofing-project-2\/"]}]},{"@type":"BreadcrumbList","@id":"https:\/\/renovaction.ca\/en\/featured-projects\/roofing-project-2\/#breadcrumb","itemListElement":[{"@type":"ListItem","position":1,"name":"Home","item":"https:\/\/renovaction.ca\/en\/"},{"@type":"ListItem","position":2,"name":"Projets en vedette","item":"https:\/\/renovaction.ca\/en\/featured-projects\/"},{"@type":"ListItem","position":3,"name":"Projet de toiture"}]},{"@type":"WebSite","@id":"https:\/\/renovaction.ca\/en\/#website","url":"https:\/\/renovaction.ca\/en\/","name":"RenovAction | Ottawa Siding | Ottawa Windows | Ottawa Roofing | Ottawa Home Improvements","description":"RenovAction is a full service renovation company specializing in quality exterior and interior projects in Ottawa.","potentialAction":[{"@type":"SearchAction","target":{"@type":"EntryPoint","urlTemplate":"https:\/\/renovaction.ca\/en\/?s={search_term_string}"},"query-input":{"@type":"PropertyValueSpecification","valueRequired":true,"valueName":"search_term_string"}}],"inLanguage":"fr-FR"}]}},"_links":{"self":[{"href":"https:\/\/renovaction.ca\/fr\/wp-json\/wp\/v2\/pages\/387","targetHints":{"allow":["GET"]}}],"collection":[{"href":"https:\/\/renovaction.ca\/fr\/wp-json\/wp\/v2\/pages"}],"about":[{"href":"https:\/\/renovaction.ca\/fr\/wp-json\/wp\/v2\/types\/page"}],"author":[{"embeddable":true,"href":"https:\/\/renovaction.ca\/fr\/wp-json\/wp\/v2\/users\/1"}],"replies":[{"embeddable":true,"href":"https:\/\/renovaction.ca\/fr\/wp-json\/wp\/v2\/comments?post=387"}],"version-history":[{"count":1,"href":"https:\/\/renovaction.ca\/fr\/wp-json\/wp\/v2\/pages\/387\/revisions"}],"predecessor-version":[{"id":388,"href":"https:\/\/renovaction.ca\/fr\/wp-json\/wp\/v2\/pages\/387\/revisions\/388"}],"up":[{"embeddable":true,"href":"https:\/\/renovaction.ca\/fr\/wp-json\/wp\/v2\/pages\/224"}],"wp:attachment":[{"href":"https:\/\/renovaction.ca\/fr\/wp-json\/wp\/v2\/media?parent=387"}],"curies":[{"name":"wp","href":"https:\/\/api.w.org\/{rel}","templated":true}]}}