{"id":24,"date":"2015-12-29T00:30:13","date_gmt":"2015-12-29T00:30:13","guid":{"rendered":"http:\/\/ryanfitzgerald.ca\/clients\/renovaction\/?page_id=24&#038;lang=fr"},"modified":"2024-05-06T08:05:45","modified_gmt":"2024-05-06T12:05:45","slug":"a-propos-de-nous","status":"publish","type":"page","link":"https:\/\/renovaction.ca\/fr\/a-propos-de-nous\/","title":{"rendered":"\u00c0 propos de nous"},"content":{"rendered":"<div id=\"about-company\"><\/div>\n<div id=\"about-other\"><\/div>\n<p><!-- End about-other --><\/p>\n","protected":false},"excerpt":{"rendered":"","protected":false},"author":1,"featured_media":0,"parent":0,"menu_order":0,"comment_status":"closed","ping_status":"closed","template":"about-fr.php","meta":{"footnotes":""},"class_list":["post-24","page","type-page","status-publish","hentry"],"yoast_head":"<!-- This site is optimized with the Yoast SEO plugin v26.1.1 - https:\/\/yoast.com\/wordpress\/plugins\/seo\/ -->\n<title>Entreprise de r\u00e9novation \u00e0 Ottawa de 25 ans d\u2019exp\u00e9rience | RenovAction<\/title>\n<meta name=\"description\" content=\"Entreprise de r\u00e9novation pour les projets de fen\u00eatres, le rev\u00eatement, les couvertures m\u00e9talliques, les terrasses, les salles de bains, les sous-sols et plus encore.\" \/>\n<meta name=\"robots\" content=\"index, follow, max-snippet:-1, max-image-preview:large, max-video-preview:-1\" \/>\n<link rel=\"canonical\" href=\"https:\/\/renovaction.ca\/en\/about-us\/\" \/>\n<meta property=\"og:locale\" content=\"fr_FR\" \/>\n<meta property=\"og:type\" content=\"article\" \/>\n<meta property=\"og:title\" content=\"Entreprise de r\u00e9novation \u00e0 Ottawa de 25 ans d\u2019exp\u00e9rience | RenovAction\" \/>\n<meta property=\"og:description\" content=\"Entreprise de r\u00e9novation pour les projets de fen\u00eatres, le rev\u00eatement, les couvertures m\u00e9talliques, les terrasses, les salles de bains, les sous-sols et plus encore.\" \/>\n<meta property=\"og:url\" content=\"https:\/\/renovaction.ca\/en\/about-us\/\" \/>\n<meta property=\"og:site_name\" content=\"RenovAction | Ottawa Siding | Ottawa Windows | Ottawa Roofing | Ottawa Home Improvements\" \/>\n<meta property=\"article:publisher\" content=\"https:\/\/www.facebook.com\/RenovActionHomeImprovements\/\" \/>\n<meta property=\"article:modified_time\" content=\"2024-05-06T12:05:45+00:00\" \/>\n<meta name=\"twitter:card\" content=\"summary_large_image\" \/>\n<meta name=\"twitter:site\" content=\"@renovactionhome\" \/>\n<script type=\"application\/ld+json\" class=\"yoast-schema-graph\">{\"@context\":\"https:\/\/schema.org\",\"@graph\":[{\"@type\":\"WebPage\",\"@id\":\"https:\/\/renovaction.ca\/en\/about-us\/\",\"url\":\"https:\/\/renovaction.ca\/en\/about-us\/\",\"name\":\"Entreprise de r\u00e9novation \u00e0 Ottawa de 25 ans d\u2019exp\u00e9rience | RenovAction\",\"isPartOf\":{\"@id\":\"https:\/\/renovaction.ca\/en\/#website\"},\"datePublished\":\"2015-12-29T00:30:13+00:00\",\"dateModified\":\"2024-05-06T12:05:45+00:00\",\"description\":\"Entreprise de r\u00e9novation pour les projets de fen\u00eatres, le rev\u00eatement, les couvertures m\u00e9talliques, les terrasses, les salles de bains, les sous-sols et plus encore.\",\"breadcrumb\":{\"@id\":\"https:\/\/renovaction.ca\/en\/about-us\/#breadcrumb\"},\"inLanguage\":\"fr-FR\",\"potentialAction\":[{\"@type\":\"ReadAction\",\"target\":[\"https:\/\/renovaction.ca\/en\/about-us\/\"]}]},{\"@type\":\"BreadcrumbList\",\"@id\":\"https:\/\/renovaction.ca\/en\/about-us\/#breadcrumb\",\"itemListElement\":[{\"@type\":\"ListItem\",\"position\":1,\"name\":\"Home\",\"item\":\"https:\/\/renovaction.ca\/en\/\"},{\"@type\":\"ListItem\",\"position\":2,\"name\":\"\u00c0 propos de nous\"}]},{\"@type\":\"WebSite\",\"@id\":\"https:\/\/renovaction.ca\/en\/#website\",\"url\":\"https:\/\/renovaction.ca\/en\/\",\"name\":\"RenovAction | Ottawa Siding | Ottawa Windows | Ottawa Roofing | Ottawa Home Improvements\",\"description\":\"RenovAction is a full service renovation company specializing in quality exterior and interior projects in Ottawa.\",\"potentialAction\":[{\"@type\":\"SearchAction\",\"target\":{\"@type\":\"EntryPoint\",\"urlTemplate\":\"https:\/\/renovaction.ca\/en\/?s={search_term_string}\"},\"query-input\":{\"@type\":\"PropertyValueSpecification\",\"valueRequired\":true,\"valueName\":\"search_term_string\"}}],\"inLanguage\":\"fr-FR\"}]}<\/script>\n<!-- \/ Yoast SEO plugin. -->","yoast_head_json":{"title":"Entreprise de r\u00e9novation \u00e0 Ottawa de 25 ans d\u2019exp\u00e9rience | RenovAction","description":"Entreprise de r\u00e9novation pour les projets de fen\u00eatres, le rev\u00eatement, les couvertures m\u00e9talliques, les terrasses, les salles de bains, les sous-sols et plus encore.","robots":{"index":"index","follow":"follow","max-snippet":"max-snippet:-1","max-image-preview":"max-image-preview:large","max-video-preview":"max-video-preview:-1"},"canonical":"https:\/\/renovaction.ca\/en\/about-us\/","og_locale":"fr_FR","og_type":"article","og_title":"Entreprise de r\u00e9novation \u00e0 Ottawa de 25 ans d\u2019exp\u00e9rience | RenovAction","og_description":"Entreprise de r\u00e9novation pour les projets de fen\u00eatres, le rev\u00eatement, les couvertures m\u00e9talliques, les terrasses, les salles de bains, les sous-sols et plus encore.","og_url":"https:\/\/renovaction.ca\/en\/about-us\/","og_site_name":"RenovAction | Ottawa Siding | Ottawa Windows | Ottawa Roofing | Ottawa Home Improvements","article_publisher":"https:\/\/www.facebook.com\/RenovActionHomeImprovements\/","article_modified_time":"2024-05-06T12:05:45+00:00","twitter_card":"summary_large_image","twitter_site":"@renovactionhome","schema":{"@context":"https:\/\/schema.org","@graph":[{"@type":"WebPage","@id":"https:\/\/renovaction.ca\/en\/about-us\/","url":"https:\/\/renovaction.ca\/en\/about-us\/","name":"Entreprise de r\u00e9novation \u00e0 Ottawa de 25 ans d\u2019exp\u00e9rience | RenovAction","isPartOf":{"@id":"https:\/\/renovaction.ca\/en\/#website"},"datePublished":"2015-12-29T00:30:13+00:00","dateModified":"2024-05-06T12:05:45+00:00","description":"Entreprise de r\u00e9novation pour les projets de fen\u00eatres, le rev\u00eatement, les couvertures m\u00e9talliques, les terrasses, les salles de bains, les sous-sols et plus encore.","breadcrumb":{"@id":"https:\/\/renovaction.ca\/en\/about-us\/#breadcrumb"},"inLanguage":"fr-FR","potentialAction":[{"@type":"ReadAction","target":["https:\/\/renovaction.ca\/en\/about-us\/"]}]},{"@type":"BreadcrumbList","@id":"https:\/\/renovaction.ca\/en\/about-us\/#breadcrumb","itemListElement":[{"@type":"ListItem","position":1,"name":"Home","item":"https:\/\/renovaction.ca\/en\/"},{"@type":"ListItem","position":2,"name":"\u00c0 propos de nous"}]},{"@type":"WebSite","@id":"https:\/\/renovaction.ca\/en\/#website","url":"https:\/\/renovaction.ca\/en\/","name":"RenovAction | Ottawa Siding | Ottawa Windows | Ottawa Roofing | Ottawa Home Improvements","description":"RenovAction is a full service renovation company specializing in quality exterior and interior projects in Ottawa.","potentialAction":[{"@type":"SearchAction","target":{"@type":"EntryPoint","urlTemplate":"https:\/\/renovaction.ca\/en\/?s={search_term_string}"},"query-input":{"@type":"PropertyValueSpecification","valueRequired":true,"valueName":"search_term_string"}}],"inLanguage":"fr-FR"}]}},"_links":{"self":[{"href":"https:\/\/renovaction.ca\/fr\/wp-json\/wp\/v2\/pages\/24","targetHints":{"allow":["GET"]}}],"collection":[{"href":"https:\/\/renovaction.ca\/fr\/wp-json\/wp\/v2\/pages"}],"about":[{"href":"https:\/\/renovaction.ca\/fr\/wp-json\/wp\/v2\/types\/page"}],"author":[{"embeddable":true,"href":"https:\/\/renovaction.ca\/fr\/wp-json\/wp\/v2\/users\/1"}],"replies":[{"embeddable":true,"href":"https:\/\/renovaction.ca\/fr\/wp-json\/wp\/v2\/comments?post=24"}],"version-history":[{"count":5,"href":"https:\/\/renovaction.ca\/fr\/wp-json\/wp\/v2\/pages\/24\/revisions"}],"predecessor-version":[{"id":247,"href":"https:\/\/renovaction.ca\/fr\/wp-json\/wp\/v2\/pages\/24\/revisions\/247"}],"wp:attachment":[{"href":"https:\/\/renovaction.ca\/fr\/wp-json\/wp\/v2\/media?parent=24"}],"curies":[{"name":"wp","href":"https:\/\/api.w.org\/{rel}","templated":true}]}}