{"id":227,"date":"2016-01-18T18:32:28","date_gmt":"2016-01-18T23:32:28","guid":{"rendered":"http:\/\/renovaction.ca\/?page_id=227&#038;lang=fr"},"modified":"2019-12-20T10:42:56","modified_gmt":"2019-12-20T15:42:56","slug":"projet-de-revetement","status":"publish","type":"page","link":"https:\/\/renovaction.ca\/fr\/projets-en-vedette\/projet-de-revetement\/","title":{"rendered":"Projet de rev\u00eatement"},"content":{"rendered":"<p>L&rsquo;objectif principal du projet \u00e9tait de remplacer l&rsquo;ancien rev\u00eatement de bois qui avait \u00e9t\u00e9 sur la maison depuis plus de 20 ans et a \u00e9t\u00e9 montrant son \u00e2ge. En outre, le rev\u00eatement de bois n\u00e9cessaire une grande quantit\u00e9 d&rsquo;entretien et n&rsquo;a pas \u00e9t\u00e9 facile de maintenir au fil des ans sur la maison. Avec cela \u00e0 l&rsquo;esprit, l&rsquo;intention \u00e9tait de remplacer le bois avec un rev\u00eatement de qualit\u00e9 et de la pierre qui aurait fi\u00e8re allure pendant des ann\u00e9es \u00e0 venir et n\u00e9cessitent tr\u00e8s peu ou pas d&rsquo;entretien du tout.<\/p>\n<p>En plus de trouver un produit de qualit\u00e9 qui va durer pendant de nombreuses ann\u00e9es \u00e0 venir , le client voulait aussi un produit qui non seulement avait l&rsquo;air super , mais \u00e9tait fonctionnelle. Prodigy a \u00e9t\u00e9 utilis\u00e9 pour fournir une isolation suppl\u00e9mentaire pour la chaleur de l&rsquo; \u00e9t\u00e9 chaud et des hivers froids jumel\u00e9 avec Versetta pierre en haut de super look .<\/p>\n","protected":false},"excerpt":{"rendered":"<p>L&rsquo;objectif principal du projet \u00e9tait de remplacer l&rsquo;ancien rev\u00eatement de bois qui avait \u00e9t\u00e9 sur la maison depuis plus de 20 ans et a \u00e9t\u00e9 montrant son \u00e2ge. En outre, le rev\u00eatement de bois n\u00e9cessaire une grande quantit\u00e9 d&rsquo;entretien et n&rsquo;a pas \u00e9t\u00e9 facile de maintenir au fil des ans sur la maison. Avec cela [&hellip;]<\/p>\n","protected":false},"author":1,"featured_media":0,"parent":224,"menu_order":0,"comment_status":"closed","ping_status":"closed","template":"project.php","meta":{"footnotes":""},"class_list":["post-227","page","type-page","status-publish","hentry"],"yoast_head":"<!-- This site is optimized with the Yoast SEO plugin v26.1.1 - https:\/\/yoast.com\/wordpress\/plugins\/seo\/ -->\n<title>RenovAction | Service de renovation de rev\u00eatement \u00e0 Ottawa<\/title>\n<meta name=\"description\" content=\"RenovAction | Nous proposons la r\u00e9novation de rev\u00eatements \u00e0 Ottawa. Nos experts sont disponibles pour transformer votre maison.\" \/>\n<meta name=\"robots\" content=\"index, follow, max-snippet:-1, max-image-preview:large, max-video-preview:-1\" \/>\n<link rel=\"canonical\" href=\"https:\/\/renovaction.ca\/en\/featured-projects\/siding-project\/\" \/>\n<meta property=\"og:locale\" content=\"fr_FR\" \/>\n<meta property=\"og:type\" content=\"article\" \/>\n<meta property=\"og:title\" content=\"RenovAction | Service de renovation de rev\u00eatement \u00e0 Ottawa\" \/>\n<meta property=\"og:description\" content=\"RenovAction | Nous proposons la r\u00e9novation de rev\u00eatements \u00e0 Ottawa. Nos experts sont disponibles pour transformer votre maison.\" \/>\n<meta property=\"og:url\" content=\"https:\/\/renovaction.ca\/en\/featured-projects\/siding-project\/\" \/>\n<meta property=\"og:site_name\" content=\"RenovAction | Ottawa Siding | Ottawa Windows | Ottawa Roofing | Ottawa Home Improvements\" \/>\n<meta property=\"article:publisher\" content=\"https:\/\/www.facebook.com\/RenovActionHomeImprovements\/\" \/>\n<meta property=\"article:modified_time\" content=\"2019-12-20T15:42:56+00:00\" \/>\n<meta name=\"twitter:card\" content=\"summary_large_image\" \/>\n<meta name=\"twitter:site\" content=\"@renovactionhome\" \/>\n<meta name=\"twitter:label1\" content=\"Dur\u00e9e de lecture estim\u00e9e\" \/>\n\t<meta name=\"twitter:data1\" content=\"1 minute\" \/>\n<script type=\"application\/ld+json\" class=\"yoast-schema-graph\">{\"@context\":\"https:\/\/schema.org\",\"@graph\":[{\"@type\":\"WebPage\",\"@id\":\"https:\/\/renovaction.ca\/en\/featured-projects\/siding-project\/\",\"url\":\"https:\/\/renovaction.ca\/en\/featured-projects\/siding-project\/\",\"name\":\"RenovAction | Service de renovation de rev\u00eatement \u00e0 Ottawa\",\"isPartOf\":{\"@id\":\"https:\/\/renovaction.ca\/en\/#website\"},\"datePublished\":\"2016-01-18T23:32:28+00:00\",\"dateModified\":\"2019-12-20T15:42:56+00:00\",\"description\":\"RenovAction | Nous proposons la r\u00e9novation de rev\u00eatements \u00e0 Ottawa. Nos experts sont disponibles pour transformer votre maison.\",\"breadcrumb\":{\"@id\":\"https:\/\/renovaction.ca\/en\/featured-projects\/siding-project\/#breadcrumb\"},\"inLanguage\":\"fr-FR\",\"potentialAction\":[{\"@type\":\"ReadAction\",\"target\":[\"https:\/\/renovaction.ca\/en\/featured-projects\/siding-project\/\"]}]},{\"@type\":\"BreadcrumbList\",\"@id\":\"https:\/\/renovaction.ca\/en\/featured-projects\/siding-project\/#breadcrumb\",\"itemListElement\":[{\"@type\":\"ListItem\",\"position\":1,\"name\":\"Home\",\"item\":\"https:\/\/renovaction.ca\/en\/\"},{\"@type\":\"ListItem\",\"position\":2,\"name\":\"Projets en vedette\",\"item\":\"https:\/\/renovaction.ca\/en\/featured-projects\/\"},{\"@type\":\"ListItem\",\"position\":3,\"name\":\"Projet de rev\u00eatement\"}]},{\"@type\":\"WebSite\",\"@id\":\"https:\/\/renovaction.ca\/en\/#website\",\"url\":\"https:\/\/renovaction.ca\/en\/\",\"name\":\"RenovAction | Ottawa Siding | Ottawa Windows | Ottawa Roofing | Ottawa Home Improvements\",\"description\":\"RenovAction is a full service renovation company specializing in quality exterior and interior projects in Ottawa.\",\"potentialAction\":[{\"@type\":\"SearchAction\",\"target\":{\"@type\":\"EntryPoint\",\"urlTemplate\":\"https:\/\/renovaction.ca\/en\/?s={search_term_string}\"},\"query-input\":{\"@type\":\"PropertyValueSpecification\",\"valueRequired\":true,\"valueName\":\"search_term_string\"}}],\"inLanguage\":\"fr-FR\"}]}<\/script>\n<!-- \/ Yoast SEO plugin. -->","yoast_head_json":{"title":"RenovAction | Service de renovation de rev\u00eatement \u00e0 Ottawa","description":"RenovAction | Nous proposons la r\u00e9novation de rev\u00eatements \u00e0 Ottawa. Nos experts sont disponibles pour transformer votre maison.","robots":{"index":"index","follow":"follow","max-snippet":"max-snippet:-1","max-image-preview":"max-image-preview:large","max-video-preview":"max-video-preview:-1"},"canonical":"https:\/\/renovaction.ca\/en\/featured-projects\/siding-project\/","og_locale":"fr_FR","og_type":"article","og_title":"RenovAction | Service de renovation de rev\u00eatement \u00e0 Ottawa","og_description":"RenovAction | Nous proposons la r\u00e9novation de rev\u00eatements \u00e0 Ottawa. Nos experts sont disponibles pour transformer votre maison.","og_url":"https:\/\/renovaction.ca\/en\/featured-projects\/siding-project\/","og_site_name":"RenovAction | Ottawa Siding | Ottawa Windows | Ottawa Roofing | Ottawa Home Improvements","article_publisher":"https:\/\/www.facebook.com\/RenovActionHomeImprovements\/","article_modified_time":"2019-12-20T15:42:56+00:00","twitter_card":"summary_large_image","twitter_site":"@renovactionhome","twitter_misc":{"Dur\u00e9e de lecture estim\u00e9e":"1 minute"},"schema":{"@context":"https:\/\/schema.org","@graph":[{"@type":"WebPage","@id":"https:\/\/renovaction.ca\/en\/featured-projects\/siding-project\/","url":"https:\/\/renovaction.ca\/en\/featured-projects\/siding-project\/","name":"RenovAction | Service de renovation de rev\u00eatement \u00e0 Ottawa","isPartOf":{"@id":"https:\/\/renovaction.ca\/en\/#website"},"datePublished":"2016-01-18T23:32:28+00:00","dateModified":"2019-12-20T15:42:56+00:00","description":"RenovAction | Nous proposons la r\u00e9novation de rev\u00eatements \u00e0 Ottawa. Nos experts sont disponibles pour transformer votre maison.","breadcrumb":{"@id":"https:\/\/renovaction.ca\/en\/featured-projects\/siding-project\/#breadcrumb"},"inLanguage":"fr-FR","potentialAction":[{"@type":"ReadAction","target":["https:\/\/renovaction.ca\/en\/featured-projects\/siding-project\/"]}]},{"@type":"BreadcrumbList","@id":"https:\/\/renovaction.ca\/en\/featured-projects\/siding-project\/#breadcrumb","itemListElement":[{"@type":"ListItem","position":1,"name":"Home","item":"https:\/\/renovaction.ca\/en\/"},{"@type":"ListItem","position":2,"name":"Projets en vedette","item":"https:\/\/renovaction.ca\/en\/featured-projects\/"},{"@type":"ListItem","position":3,"name":"Projet de rev\u00eatement"}]},{"@type":"WebSite","@id":"https:\/\/renovaction.ca\/en\/#website","url":"https:\/\/renovaction.ca\/en\/","name":"RenovAction | Ottawa Siding | Ottawa Windows | Ottawa Roofing | Ottawa Home Improvements","description":"RenovAction is a full service renovation company specializing in quality exterior and interior projects in Ottawa.","potentialAction":[{"@type":"SearchAction","target":{"@type":"EntryPoint","urlTemplate":"https:\/\/renovaction.ca\/en\/?s={search_term_string}"},"query-input":{"@type":"PropertyValueSpecification","valueRequired":true,"valueName":"search_term_string"}}],"inLanguage":"fr-FR"}]}},"_links":{"self":[{"href":"https:\/\/renovaction.ca\/fr\/wp-json\/wp\/v2\/pages\/227","targetHints":{"allow":["GET"]}}],"collection":[{"href":"https:\/\/renovaction.ca\/fr\/wp-json\/wp\/v2\/pages"}],"about":[{"href":"https:\/\/renovaction.ca\/fr\/wp-json\/wp\/v2\/types\/page"}],"author":[{"embeddable":true,"href":"https:\/\/renovaction.ca\/fr\/wp-json\/wp\/v2\/users\/1"}],"replies":[{"embeddable":true,"href":"https:\/\/renovaction.ca\/fr\/wp-json\/wp\/v2\/comments?post=227"}],"version-history":[{"count":2,"href":"https:\/\/renovaction.ca\/fr\/wp-json\/wp\/v2\/pages\/227\/revisions"}],"predecessor-version":[{"id":298,"href":"https:\/\/renovaction.ca\/fr\/wp-json\/wp\/v2\/pages\/227\/revisions\/298"}],"up":[{"embeddable":true,"href":"https:\/\/renovaction.ca\/fr\/wp-json\/wp\/v2\/pages\/224"}],"wp:attachment":[{"href":"https:\/\/renovaction.ca\/fr\/wp-json\/wp\/v2\/media?parent=227"}],"curies":[{"name":"wp","href":"https:\/\/api.w.org\/{rel}","templated":true}]}}