{"id":224,"date":"2016-01-18T18:24:28","date_gmt":"2016-01-18T23:24:28","guid":{"rendered":"http:\/\/renovaction.ca\/?page_id=224&#038;lang=fr"},"modified":"2024-03-01T12:53:05","modified_gmt":"2024-03-01T17:53:05","slug":"projets-en-vedette","status":"publish","type":"page","link":"https:\/\/renovaction.ca\/fr\/projets-en-vedette\/","title":{"rendered":"Projets en vedette"},"content":{"rendered":"","protected":false},"excerpt":{"rendered":"","protected":false},"author":1,"featured_media":0,"parent":0,"menu_order":0,"comment_status":"closed","ping_status":"closed","template":"featured.php","meta":{"footnotes":""},"class_list":["post-224","page","type-page","status-publish","hentry"],"yoast_head":"<!-- This site is optimized with the Yoast SEO plugin v26.1.1 - https:\/\/yoast.com\/wordpress\/plugins\/seo\/ -->\n<title>Nos projets vedettes de r\u00e9novation \u00e0 Ottawa | RenovAction<\/title>\n<meta name=\"description\" content=\"Laissez-vous inspirer par les projets de r\u00e9novation de maisons et d&#039;int\u00e9rieurs de RenovAction et contactez-nous pour votre prochaine r\u00e9novation \u00e0 Ottawa.\" \/>\n<meta name=\"robots\" content=\"index, follow, max-snippet:-1, max-image-preview:large, max-video-preview:-1\" \/>\n<link rel=\"canonical\" href=\"https:\/\/renovaction.ca\/en\/featured-projects\/\" \/>\n<meta property=\"og:locale\" content=\"fr_FR\" \/>\n<meta property=\"og:type\" content=\"article\" \/>\n<meta property=\"og:title\" content=\"Nos projets vedettes de r\u00e9novation \u00e0 Ottawa | RenovAction\" \/>\n<meta property=\"og:description\" content=\"Laissez-vous inspirer par les projets de r\u00e9novation de maisons et d&#039;int\u00e9rieurs de RenovAction et contactez-nous pour votre prochaine r\u00e9novation \u00e0 Ottawa.\" \/>\n<meta property=\"og:url\" content=\"https:\/\/renovaction.ca\/en\/featured-projects\/\" \/>\n<meta property=\"og:site_name\" content=\"RenovAction | Ottawa Siding | Ottawa Windows | Ottawa Roofing | Ottawa Home Improvements\" \/>\n<meta property=\"article:publisher\" content=\"https:\/\/www.facebook.com\/RenovActionHomeImprovements\/\" \/>\n<meta property=\"article:modified_time\" content=\"2024-03-01T17:53:05+00:00\" \/>\n<meta name=\"twitter:card\" content=\"summary_large_image\" \/>\n<meta name=\"twitter:site\" content=\"@renovactionhome\" \/>\n<script type=\"application\/ld+json\" class=\"yoast-schema-graph\">{\"@context\":\"https:\/\/schema.org\",\"@graph\":[{\"@type\":\"WebPage\",\"@id\":\"https:\/\/renovaction.ca\/en\/featured-projects\/\",\"url\":\"https:\/\/renovaction.ca\/en\/featured-projects\/\",\"name\":\"Nos projets vedettes de r\u00e9novation \u00e0 Ottawa | RenovAction\",\"isPartOf\":{\"@id\":\"https:\/\/renovaction.ca\/en\/#website\"},\"datePublished\":\"2016-01-18T23:24:28+00:00\",\"dateModified\":\"2024-03-01T17:53:05+00:00\",\"description\":\"Laissez-vous inspirer par les projets de r\u00e9novation de maisons et d'int\u00e9rieurs de RenovAction et contactez-nous pour votre prochaine r\u00e9novation \u00e0 Ottawa.\",\"breadcrumb\":{\"@id\":\"https:\/\/renovaction.ca\/en\/featured-projects\/#breadcrumb\"},\"inLanguage\":\"fr-FR\",\"potentialAction\":[{\"@type\":\"ReadAction\",\"target\":[\"https:\/\/renovaction.ca\/en\/featured-projects\/\"]}]},{\"@type\":\"BreadcrumbList\",\"@id\":\"https:\/\/renovaction.ca\/en\/featured-projects\/#breadcrumb\",\"itemListElement\":[{\"@type\":\"ListItem\",\"position\":1,\"name\":\"Home\",\"item\":\"https:\/\/renovaction.ca\/en\/\"},{\"@type\":\"ListItem\",\"position\":2,\"name\":\"Projets en vedette\"}]},{\"@type\":\"WebSite\",\"@id\":\"https:\/\/renovaction.ca\/en\/#website\",\"url\":\"https:\/\/renovaction.ca\/en\/\",\"name\":\"RenovAction | Ottawa Siding | Ottawa Windows | Ottawa Roofing | Ottawa Home Improvements\",\"description\":\"RenovAction is a full service renovation company specializing in quality exterior and interior projects in Ottawa.\",\"potentialAction\":[{\"@type\":\"SearchAction\",\"target\":{\"@type\":\"EntryPoint\",\"urlTemplate\":\"https:\/\/renovaction.ca\/en\/?s={search_term_string}\"},\"query-input\":{\"@type\":\"PropertyValueSpecification\",\"valueRequired\":true,\"valueName\":\"search_term_string\"}}],\"inLanguage\":\"fr-FR\"}]}<\/script>\n<!-- \/ Yoast SEO plugin. -->","yoast_head_json":{"title":"Nos projets vedettes de r\u00e9novation \u00e0 Ottawa | RenovAction","description":"Laissez-vous inspirer par les projets de r\u00e9novation de maisons et d'int\u00e9rieurs de RenovAction et contactez-nous pour votre prochaine r\u00e9novation \u00e0 Ottawa.","robots":{"index":"index","follow":"follow","max-snippet":"max-snippet:-1","max-image-preview":"max-image-preview:large","max-video-preview":"max-video-preview:-1"},"canonical":"https:\/\/renovaction.ca\/en\/featured-projects\/","og_locale":"fr_FR","og_type":"article","og_title":"Nos projets vedettes de r\u00e9novation \u00e0 Ottawa | RenovAction","og_description":"Laissez-vous inspirer par les projets de r\u00e9novation de maisons et d'int\u00e9rieurs de RenovAction et contactez-nous pour votre prochaine r\u00e9novation \u00e0 Ottawa.","og_url":"https:\/\/renovaction.ca\/en\/featured-projects\/","og_site_name":"RenovAction | Ottawa Siding | Ottawa Windows | Ottawa Roofing | Ottawa Home Improvements","article_publisher":"https:\/\/www.facebook.com\/RenovActionHomeImprovements\/","article_modified_time":"2024-03-01T17:53:05+00:00","twitter_card":"summary_large_image","twitter_site":"@renovactionhome","schema":{"@context":"https:\/\/schema.org","@graph":[{"@type":"WebPage","@id":"https:\/\/renovaction.ca\/en\/featured-projects\/","url":"https:\/\/renovaction.ca\/en\/featured-projects\/","name":"Nos projets vedettes de r\u00e9novation \u00e0 Ottawa | RenovAction","isPartOf":{"@id":"https:\/\/renovaction.ca\/en\/#website"},"datePublished":"2016-01-18T23:24:28+00:00","dateModified":"2024-03-01T17:53:05+00:00","description":"Laissez-vous inspirer par les projets de r\u00e9novation de maisons et d'int\u00e9rieurs de RenovAction et contactez-nous pour votre prochaine r\u00e9novation \u00e0 Ottawa.","breadcrumb":{"@id":"https:\/\/renovaction.ca\/en\/featured-projects\/#breadcrumb"},"inLanguage":"fr-FR","potentialAction":[{"@type":"ReadAction","target":["https:\/\/renovaction.ca\/en\/featured-projects\/"]}]},{"@type":"BreadcrumbList","@id":"https:\/\/renovaction.ca\/en\/featured-projects\/#breadcrumb","itemListElement":[{"@type":"ListItem","position":1,"name":"Home","item":"https:\/\/renovaction.ca\/en\/"},{"@type":"ListItem","position":2,"name":"Projets en vedette"}]},{"@type":"WebSite","@id":"https:\/\/renovaction.ca\/en\/#website","url":"https:\/\/renovaction.ca\/en\/","name":"RenovAction | Ottawa Siding | Ottawa Windows | Ottawa Roofing | Ottawa Home Improvements","description":"RenovAction is a full service renovation company specializing in quality exterior and interior projects in Ottawa.","potentialAction":[{"@type":"SearchAction","target":{"@type":"EntryPoint","urlTemplate":"https:\/\/renovaction.ca\/en\/?s={search_term_string}"},"query-input":{"@type":"PropertyValueSpecification","valueRequired":true,"valueName":"search_term_string"}}],"inLanguage":"fr-FR"}]}},"_links":{"self":[{"href":"https:\/\/renovaction.ca\/fr\/wp-json\/wp\/v2\/pages\/224","targetHints":{"allow":["GET"]}}],"collection":[{"href":"https:\/\/renovaction.ca\/fr\/wp-json\/wp\/v2\/pages"}],"about":[{"href":"https:\/\/renovaction.ca\/fr\/wp-json\/wp\/v2\/types\/page"}],"author":[{"embeddable":true,"href":"https:\/\/renovaction.ca\/fr\/wp-json\/wp\/v2\/users\/1"}],"replies":[{"embeddable":true,"href":"https:\/\/renovaction.ca\/fr\/wp-json\/wp\/v2\/comments?post=224"}],"version-history":[{"count":1,"href":"https:\/\/renovaction.ca\/fr\/wp-json\/wp\/v2\/pages\/224\/revisions"}],"predecessor-version":[{"id":225,"href":"https:\/\/renovaction.ca\/fr\/wp-json\/wp\/v2\/pages\/224\/revisions\/225"}],"wp:attachment":[{"href":"https:\/\/renovaction.ca\/fr\/wp-json\/wp\/v2\/media?parent=224"}],"curies":[{"name":"wp","href":"https:\/\/api.w.org\/{rel}","templated":true}]}}