{"id":209,"date":"2016-01-17T21:33:11","date_gmt":"2016-01-18T02:33:11","guid":{"rendered":"http:\/\/renovaction.ca\/?page_id=209&#038;lang=fr"},"modified":"2024-02-29T14:13:57","modified_gmt":"2024-02-29T19:13:57","slug":"nos-projets","status":"publish","type":"page","link":"https:\/\/renovaction.ca\/fr\/nos-projets\/","title":{"rendered":"Nos Projets"},"content":{"rendered":"","protected":false},"excerpt":{"rendered":"","protected":false},"author":1,"featured_media":0,"parent":0,"menu_order":0,"comment_status":"closed","ping_status":"closed","template":"portfolio.php","meta":{"footnotes":""},"class_list":["post-209","page","type-page","status-publish","hentry"],"yoast_head":"<!-- This site is optimized with the Yoast SEO plugin v26.1.1 - https:\/\/yoast.com\/wordpress\/plugins\/seo\/ -->\n<title>D\u00e9couvrez nos projets de r\u00e9novation \u00e0 Ottawa | RenovAction<\/title>\n<meta name=\"description\" content=\"D\u00e9couvrez nos diff\u00e9rentes projets de r\u00e9novations int\u00e9rieures et de maisons r\u00e9alis\u00e9s par nos experts en r\u00e9novation chez RenovAction \u00e0 Ottawa.\" \/>\n<meta name=\"robots\" content=\"index, follow, max-snippet:-1, max-image-preview:large, max-video-preview:-1\" \/>\n<link rel=\"canonical\" href=\"https:\/\/renovaction.ca\/en\/portfolio\/\" \/>\n<meta property=\"og:locale\" content=\"fr_FR\" \/>\n<meta property=\"og:type\" content=\"article\" \/>\n<meta property=\"og:title\" content=\"D\u00e9couvrez nos projets de r\u00e9novation \u00e0 Ottawa | RenovAction\" \/>\n<meta property=\"og:description\" content=\"D\u00e9couvrez nos diff\u00e9rentes projets de r\u00e9novations int\u00e9rieures et de maisons r\u00e9alis\u00e9s par nos experts en r\u00e9novation chez RenovAction \u00e0 Ottawa.\" \/>\n<meta property=\"og:url\" content=\"https:\/\/renovaction.ca\/en\/portfolio\/\" \/>\n<meta property=\"og:site_name\" content=\"RenovAction | Ottawa Siding | Ottawa Windows | Ottawa Roofing | Ottawa Home Improvements\" \/>\n<meta property=\"article:publisher\" content=\"https:\/\/www.facebook.com\/RenovActionHomeImprovements\/\" \/>\n<meta property=\"article:modified_time\" content=\"2024-02-29T19:13:57+00:00\" \/>\n<meta name=\"twitter:card\" content=\"summary_large_image\" \/>\n<meta name=\"twitter:site\" content=\"@renovactionhome\" \/>\n<script type=\"application\/ld+json\" class=\"yoast-schema-graph\">{\"@context\":\"https:\/\/schema.org\",\"@graph\":[{\"@type\":\"WebPage\",\"@id\":\"https:\/\/renovaction.ca\/en\/portfolio\/\",\"url\":\"https:\/\/renovaction.ca\/en\/portfolio\/\",\"name\":\"D\u00e9couvrez nos projets de r\u00e9novation \u00e0 Ottawa | RenovAction\",\"isPartOf\":{\"@id\":\"https:\/\/renovaction.ca\/en\/#website\"},\"datePublished\":\"2016-01-18T02:33:11+00:00\",\"dateModified\":\"2024-02-29T19:13:57+00:00\",\"description\":\"D\u00e9couvrez nos diff\u00e9rentes projets de r\u00e9novations int\u00e9rieures et de maisons r\u00e9alis\u00e9s par nos experts en r\u00e9novation chez RenovAction \u00e0 Ottawa.\",\"breadcrumb\":{\"@id\":\"https:\/\/renovaction.ca\/en\/portfolio\/#breadcrumb\"},\"inLanguage\":\"fr-FR\",\"potentialAction\":[{\"@type\":\"ReadAction\",\"target\":[\"https:\/\/renovaction.ca\/en\/portfolio\/\"]}]},{\"@type\":\"BreadcrumbList\",\"@id\":\"https:\/\/renovaction.ca\/en\/portfolio\/#breadcrumb\",\"itemListElement\":[{\"@type\":\"ListItem\",\"position\":1,\"name\":\"Home\",\"item\":\"https:\/\/renovaction.ca\/en\/\"},{\"@type\":\"ListItem\",\"position\":2,\"name\":\"Nos Projets\"}]},{\"@type\":\"WebSite\",\"@id\":\"https:\/\/renovaction.ca\/en\/#website\",\"url\":\"https:\/\/renovaction.ca\/en\/\",\"name\":\"RenovAction | Ottawa Siding | Ottawa Windows | Ottawa Roofing | Ottawa Home Improvements\",\"description\":\"RenovAction is a full service renovation company specializing in quality exterior and interior projects in Ottawa.\",\"potentialAction\":[{\"@type\":\"SearchAction\",\"target\":{\"@type\":\"EntryPoint\",\"urlTemplate\":\"https:\/\/renovaction.ca\/en\/?s={search_term_string}\"},\"query-input\":{\"@type\":\"PropertyValueSpecification\",\"valueRequired\":true,\"valueName\":\"search_term_string\"}}],\"inLanguage\":\"fr-FR\"}]}<\/script>\n<!-- \/ Yoast SEO plugin. -->","yoast_head_json":{"title":"D\u00e9couvrez nos projets de r\u00e9novation \u00e0 Ottawa | RenovAction","description":"D\u00e9couvrez nos diff\u00e9rentes projets de r\u00e9novations int\u00e9rieures et de maisons r\u00e9alis\u00e9s par nos experts en r\u00e9novation chez RenovAction \u00e0 Ottawa.","robots":{"index":"index","follow":"follow","max-snippet":"max-snippet:-1","max-image-preview":"max-image-preview:large","max-video-preview":"max-video-preview:-1"},"canonical":"https:\/\/renovaction.ca\/en\/portfolio\/","og_locale":"fr_FR","og_type":"article","og_title":"D\u00e9couvrez nos projets de r\u00e9novation \u00e0 Ottawa | RenovAction","og_description":"D\u00e9couvrez nos diff\u00e9rentes projets de r\u00e9novations int\u00e9rieures et de maisons r\u00e9alis\u00e9s par nos experts en r\u00e9novation chez RenovAction \u00e0 Ottawa.","og_url":"https:\/\/renovaction.ca\/en\/portfolio\/","og_site_name":"RenovAction | Ottawa Siding | Ottawa Windows | Ottawa Roofing | Ottawa Home Improvements","article_publisher":"https:\/\/www.facebook.com\/RenovActionHomeImprovements\/","article_modified_time":"2024-02-29T19:13:57+00:00","twitter_card":"summary_large_image","twitter_site":"@renovactionhome","schema":{"@context":"https:\/\/schema.org","@graph":[{"@type":"WebPage","@id":"https:\/\/renovaction.ca\/en\/portfolio\/","url":"https:\/\/renovaction.ca\/en\/portfolio\/","name":"D\u00e9couvrez nos projets de r\u00e9novation \u00e0 Ottawa | RenovAction","isPartOf":{"@id":"https:\/\/renovaction.ca\/en\/#website"},"datePublished":"2016-01-18T02:33:11+00:00","dateModified":"2024-02-29T19:13:57+00:00","description":"D\u00e9couvrez nos diff\u00e9rentes projets de r\u00e9novations int\u00e9rieures et de maisons r\u00e9alis\u00e9s par nos experts en r\u00e9novation chez RenovAction \u00e0 Ottawa.","breadcrumb":{"@id":"https:\/\/renovaction.ca\/en\/portfolio\/#breadcrumb"},"inLanguage":"fr-FR","potentialAction":[{"@type":"ReadAction","target":["https:\/\/renovaction.ca\/en\/portfolio\/"]}]},{"@type":"BreadcrumbList","@id":"https:\/\/renovaction.ca\/en\/portfolio\/#breadcrumb","itemListElement":[{"@type":"ListItem","position":1,"name":"Home","item":"https:\/\/renovaction.ca\/en\/"},{"@type":"ListItem","position":2,"name":"Nos Projets"}]},{"@type":"WebSite","@id":"https:\/\/renovaction.ca\/en\/#website","url":"https:\/\/renovaction.ca\/en\/","name":"RenovAction | Ottawa Siding | Ottawa Windows | Ottawa Roofing | Ottawa Home Improvements","description":"RenovAction is a full service renovation company specializing in quality exterior and interior projects in Ottawa.","potentialAction":[{"@type":"SearchAction","target":{"@type":"EntryPoint","urlTemplate":"https:\/\/renovaction.ca\/en\/?s={search_term_string}"},"query-input":{"@type":"PropertyValueSpecification","valueRequired":true,"valueName":"search_term_string"}}],"inLanguage":"fr-FR"}]}},"_links":{"self":[{"href":"https:\/\/renovaction.ca\/fr\/wp-json\/wp\/v2\/pages\/209","targetHints":{"allow":["GET"]}}],"collection":[{"href":"https:\/\/renovaction.ca\/fr\/wp-json\/wp\/v2\/pages"}],"about":[{"href":"https:\/\/renovaction.ca\/fr\/wp-json\/wp\/v2\/types\/page"}],"author":[{"embeddable":true,"href":"https:\/\/renovaction.ca\/fr\/wp-json\/wp\/v2\/users\/1"}],"replies":[{"embeddable":true,"href":"https:\/\/renovaction.ca\/fr\/wp-json\/wp\/v2\/comments?post=209"}],"version-history":[{"count":1,"href":"https:\/\/renovaction.ca\/fr\/wp-json\/wp\/v2\/pages\/209\/revisions"}],"predecessor-version":[{"id":210,"href":"https:\/\/renovaction.ca\/fr\/wp-json\/wp\/v2\/pages\/209\/revisions\/210"}],"wp:attachment":[{"href":"https:\/\/renovaction.ca\/fr\/wp-json\/wp\/v2\/media?parent=209"}],"curies":[{"name":"wp","href":"https:\/\/api.w.org\/{rel}","templated":true}]}}