{"id":206,"date":"2016-01-17T21:23:58","date_gmt":"2016-01-18T02:23:58","guid":{"rendered":"http:\/\/renovaction.ca\/?page_id=206&#038;lang=fr"},"modified":"2025-01-22T13:07:51","modified_gmt":"2025-01-22T18:07:51","slug":"nous-joindre","status":"publish","type":"page","link":"https:\/\/renovaction.ca\/fr\/nous-joindre\/","title":{"rendered":"Nous joindre"},"content":{"rendered":"<div id=\"map-contact\"><\/div>\n<div id=\"contact-info\" class=\"row\">\n<div class=\"small-12 medium-4 columns\">\n<h2>Coordonn\u00e9es<\/h2>\n<p><span data-olk-copy-source=\"MessageBody\">1156 Millwood Court,<br \/>\n<\/span><\/p>\n<p><span data-olk-copy-source=\"MessageBody\">Orleans<\/span>, ON <span data-olk-copy-source=\"MessageBody\">K1C 3G2<\/span><\/p>\n<p>T\u00e9l\u00e9phone: (613) 424 &#8211; 4245<\/p>\n<p>T\u00e9l\u00e9copieur: (613) 424 &#8211; 3930<\/p>\n<p>Courriel: <a href=\"mailto:info@renovaction.ca\">info@renovaction.ca<\/a><\/p>\n<p><a href=\"http:\/\/www.renovaction.ca\/\">Renovaction.ca<\/a><\/p>\n<\/div>\n<div class=\"small-12 medium-4 columns\">\n<h2>Heures d&rsquo;ouverture<\/h2>\n<p><span class=\"hour\">lundi:<\/span> 08:00 &#8211; 17:00<\/p>\n<p><span class=\"hour\">mardi:<\/span> 08:00 &#8211; 17:00<\/p>\n<p><span class=\"hour\">mercredi:<\/span> 08:00 &#8211; 17:00<\/p>\n<p><span class=\"hour\">jeudi:<\/span> 08:00 &#8211; 17:00<\/p>\n<p><span class=\"hour\">vendredi:<\/span> 08:00 &#8211; 17:00<\/p>\n<p><span class=\"hour\">samedi:<\/span> Ferm\u00e9<\/p>\n<p><span class=\"hour\">dimanche:<\/span> Ferm\u00e9<\/p>\n<\/div>\n<div class=\"small-12 medium-4 columns\">\n<p>Nous vous remercions de votre int\u00e9r\u00eat \u00e0 contacter RenovAction , que le service client est notre objectif num\u00e9ro un . Sentez-vous libre d&rsquo;utiliser les informations de contact vers la gauche ou tout simplement remplir le formulaire ci-dessous et nous serons en contact d\u00e8s que possible .<\/p>\n<p>Si vous cherchez \u00e0 recevoir un devis gratuit , s&rsquo;il vous pla\u00eet visitez <a href=\"https:\/\/renovaction.dev.yannick.net\/fr\/devis\">cette page<\/a>.<\/p>\n<\/div>\n<\/div>\n<p><!-- End contact-info --><\/p>\n<div id=\"contact-form\" class=\"row\">\n<div class=\"small-12 columns\">\n<h2>Envoie-nous un message<\/h2>\n<p>Les champs marqu\u00e9s d&rsquo;un <span class=\"text-red\">*<\/span> sont obligatoires<\/p>\n<\/div>\n<div class=\"small-12 columns\">\n<div class=\"wpcf7 no-js\" id=\"wpcf7-f136-o1\" lang=\"en-US\" dir=\"ltr\" data-wpcf7-id=\"136\">\n<div class=\"screen-reader-response\"><p role=\"status\" aria-live=\"polite\" aria-atomic=\"true\"><\/p> <ul><\/ul><\/div>\n<form action=\"\/fr\/wp-json\/wp\/v2\/pages\/206#wpcf7-f136-o1\" method=\"post\" class=\"wpcf7-form init\" aria-label=\"Contact form\" novalidate=\"novalidate\" data-status=\"init\">\n<fieldset class=\"hidden-fields-container\"><input type=\"hidden\" name=\"_wpcf7\" value=\"136\" \/><input type=\"hidden\" name=\"_wpcf7_version\" value=\"6.1.2\" \/><input type=\"hidden\" name=\"_wpcf7_locale\" value=\"en_US\" \/><input type=\"hidden\" name=\"_wpcf7_unit_tag\" value=\"wpcf7-f136-o1\" \/><input type=\"hidden\" name=\"_wpcf7_container_post\" value=\"0\" \/><input type=\"hidden\" name=\"_wpcf7_posted_data_hash\" value=\"\" \/>\n<\/fieldset>\n<div class=\"theForm\">\n\t<div class=\"theForm-column\">\n\t\t<p><label for=\"your-sujet\">Subject <span class=\"text-red\">*<\/span><\/label><span class=\"wpcf7-form-control-wrap your-sujet\"><select name=\"your-sujet\" id=\"your-sujet\" class=\"wpcf7-form-control wpcf7-select wpcf7-validates-as-required aria-required=\"true\"  aria-invalid=\"false\"><option value=\"\">Please choose...<\/option><option value=\"Get a quote\">Get a quote<\/option><option value=\"Get information\">Get information<\/option><\/select><\/span>\n\t\t<\/p>\n\t<\/div>\n\t<div class=\"theForm-column\">\n\t\t<p><label for=\"your-name\">Complete name <span class=\"text-red\">*<\/span><\/label><span class=\"wpcf7-form-control-wrap\" data-name=\"your-name\"><input size=\"40\" maxlength=\"400\" class=\"wpcf7-form-control wpcf7-text wpcf7-validates-as-required\" id=\"your-name\" aria-required=\"true\" aria-invalid=\"false\" value=\"\" type=\"text\" name=\"your-name\" \/><\/span>\n\t\t<\/p>\n\t<\/div>\n\t<div class=\"theForm-column\">\n\t\t<p><label for=\"your-email\">Email <span class=\"text-red\">*<\/span><\/label><span class=\"wpcf7-form-control-wrap\" data-name=\"your-email\"><input size=\"40\" maxlength=\"400\" class=\"wpcf7-form-control wpcf7-email wpcf7-validates-as-required wpcf7-text wpcf7-validates-as-email\" id=\"your-email\" aria-required=\"true\" aria-invalid=\"false\" value=\"\" type=\"email\" name=\"your-email\" \/><\/span>\n\t\t<\/p>\n\t<\/div>\n\t<div class=\"theForm-column\">\n\t\t<p><label for=\"your-tel\">Phone number <span class=\"text-red\">*<\/span><\/label><span class=\"wpcf7-form-control-wrap\" data-name=\"your-tel\"><input size=\"40\" maxlength=\"400\" class=\"wpcf7-form-control wpcf7-tel wpcf7-validates-as-required wpcf7-text wpcf7-validates-as-tel\" id=\"your-tel\" aria-required=\"true\" aria-invalid=\"false\" value=\"\" type=\"tel\" name=\"your-tel\" \/><\/span>\n\t\t<\/p>\n\t<\/div>\n\t<div class=\"theForm-column align-items-start\">\n\t\t<p><label for=\"your-message\">Message <span class=\"text-red\">*<\/span><\/label><span class=\"wpcf7-form-control-wrap\" data-name=\"your-message\"><textarea cols=\"40\" rows=\"5\" maxlength=\"2000\" class=\"wpcf7-form-control wpcf7-textarea wpcf7-validates-as-required\" id=\"your-message\" aria-required=\"true\" aria-invalid=\"false\" name=\"your-message\"><\/textarea><\/span>\n\t\t<\/p>\n\t<\/div>\n\t<div class=\"theForm-column justify-content-end\">\n\t\t<p><span class=\"wpcf7-form-control-wrap\" data-name=\"confEmail\"><input size=\"40\" maxlength=\"400\" class=\"wpcf7-form-control wpcf7-text\" id=\"confEmail\" aria-invalid=\"false\" value=\"\" type=\"text\" name=\"confEmail\" \/><\/span><input class=\"wpcf7-form-control wpcf7-submit has-spinner btn contact fr\" type=\"submit\" value=\"Soumettre\" \/><input class=\"wpcf7-form-control wpcf7-submit has-spinner btn contact en\" type=\"submit\" value=\"Submit\" \/>\n\t\t<\/p>\n\t<\/div>\n<\/div><input type=\"hidden\" id=\"ct_checkjs_cf7_8fecb20817b3847419bb3de39a609afe\" name=\"ct_checkjs_cf7\" value=\"0\" \/><script >setTimeout(function(){var ct_input_name = \"ct_checkjs_cf7_8fecb20817b3847419bb3de39a609afe\";if (document.getElementById(ct_input_name) !== null) {var ct_input_value = document.getElementById(ct_input_name).value;document.getElementById(ct_input_name).value = document.getElementById(ct_input_name).value.replace(ct_input_value, 'c9c0115e1e83cb31f4c9f5fa4ee1610a0a828f6417baf246a899aa0fe63f6078');}}, 1000);<\/script><input\n                    class=\"apbct_special_field apbct_email_id__wp_contact_form_7\"\n                    name=\"apbct__email_id__wp_contact_form_7\"\n                    aria-label=\"apbct__label_id__wp_contact_form_7\"\n                    type=\"text\" size=\"30\" maxlength=\"200\" autocomplete=\"off\"\n                    value=\"\"\n                \/><div class=\"wpcf7-response-output\" aria-hidden=\"true\"><\/div>\n<\/form>\n<\/div>\n<\/div>\n<hr \/>\n<\/div>\n<p><!-- End contact-form --><\/p>\n","protected":false},"excerpt":{"rendered":"<p>Coordonn\u00e9es 1156 Millwood Court, Orleans, ON K1C 3G2 T\u00e9l\u00e9phone: (613) 424 &#8211; 4245 T\u00e9l\u00e9copieur: (613) 424 &#8211; 3930 Courriel: info@renovaction.ca Renovaction.ca Heures d&rsquo;ouverture lundi: 08:00 &#8211; 17:00 mardi: 08:00 &#8211; 17:00 mercredi: 08:00 &#8211; 17:00 jeudi: 08:00 &#8211; 17:00 vendredi: 08:00 &#8211; 17:00 samedi: Ferm\u00e9 dimanche: Ferm\u00e9 Nous vous remercions de votre int\u00e9r\u00eat \u00e0 contacter [&hellip;]<\/p>\n","protected":false},"author":1,"featured_media":0,"parent":0,"menu_order":0,"comment_status":"closed","ping_status":"closed","template":"contact.php","meta":{"footnotes":""},"class_list":["post-206","page","type-page","status-publish","hentry"],"yoast_head":"<!-- This site is optimized with the Yoast SEO plugin v26.1.1 - https:\/\/yoast.com\/wordpress\/plugins\/seo\/ -->\n<title>Contactez-nous pour vos r\u00e9novations \u00e0 Ottawa | RenovAction<\/title>\n<meta name=\"description\" content=\"Contactez les experts chez RenovAction pour tous vos projets de r\u00e9novation de maison et d&#039;int\u00e9rieur \u00e0 Ottawa et ils r\u00e9pondront \u00e0 vos questions.\" \/>\n<meta name=\"robots\" content=\"index, follow, max-snippet:-1, max-image-preview:large, max-video-preview:-1\" \/>\n<link rel=\"canonical\" href=\"https:\/\/renovaction.ca\/en\/contact\/\" \/>\n<meta property=\"og:locale\" content=\"fr_FR\" \/>\n<meta property=\"og:type\" content=\"article\" \/>\n<meta property=\"og:title\" content=\"Contactez-nous pour vos r\u00e9novations \u00e0 Ottawa | RenovAction\" \/>\n<meta property=\"og:description\" content=\"Contactez les experts chez RenovAction pour tous vos projets de r\u00e9novation de maison et d&#039;int\u00e9rieur \u00e0 Ottawa et ils r\u00e9pondront \u00e0 vos questions.\" \/>\n<meta property=\"og:url\" content=\"https:\/\/renovaction.ca\/en\/contact\/\" \/>\n<meta property=\"og:site_name\" content=\"RenovAction | Ottawa Siding | Ottawa Windows | Ottawa Roofing | Ottawa Home Improvements\" \/>\n<meta property=\"article:publisher\" content=\"https:\/\/www.facebook.com\/RenovActionHomeImprovements\/\" \/>\n<meta property=\"article:modified_time\" content=\"2025-01-22T18:07:51+00:00\" \/>\n<meta name=\"twitter:card\" content=\"summary_large_image\" \/>\n<meta name=\"twitter:site\" content=\"@renovactionhome\" \/>\n<meta name=\"twitter:label1\" content=\"Dur\u00e9e de lecture estim\u00e9e\" \/>\n\t<meta name=\"twitter:data1\" content=\"1 minute\" \/>\n<script type=\"application\/ld+json\" class=\"yoast-schema-graph\">{\"@context\":\"https:\/\/schema.org\",\"@graph\":[{\"@type\":\"WebPage\",\"@id\":\"https:\/\/renovaction.ca\/en\/contact\/\",\"url\":\"https:\/\/renovaction.ca\/en\/contact\/\",\"name\":\"Contactez-nous pour vos r\u00e9novations \u00e0 Ottawa | RenovAction\",\"isPartOf\":{\"@id\":\"https:\/\/renovaction.ca\/en\/#website\"},\"datePublished\":\"2016-01-18T02:23:58+00:00\",\"dateModified\":\"2025-01-22T18:07:51+00:00\",\"description\":\"Contactez les experts chez RenovAction pour tous vos projets de r\u00e9novation de maison et d'int\u00e9rieur \u00e0 Ottawa et ils r\u00e9pondront \u00e0 vos questions.\",\"breadcrumb\":{\"@id\":\"https:\/\/renovaction.ca\/en\/contact\/#breadcrumb\"},\"inLanguage\":\"fr-FR\",\"potentialAction\":[{\"@type\":\"ReadAction\",\"target\":[\"https:\/\/renovaction.ca\/en\/contact\/\"]}]},{\"@type\":\"BreadcrumbList\",\"@id\":\"https:\/\/renovaction.ca\/en\/contact\/#breadcrumb\",\"itemListElement\":[{\"@type\":\"ListItem\",\"position\":1,\"name\":\"Home\",\"item\":\"https:\/\/renovaction.ca\/en\/\"},{\"@type\":\"ListItem\",\"position\":2,\"name\":\"Nous joindre\"}]},{\"@type\":\"WebSite\",\"@id\":\"https:\/\/renovaction.ca\/en\/#website\",\"url\":\"https:\/\/renovaction.ca\/en\/\",\"name\":\"RenovAction | Ottawa Siding | Ottawa Windows | Ottawa Roofing | Ottawa Home Improvements\",\"description\":\"RenovAction is a full service renovation company specializing in quality exterior and interior projects in Ottawa.\",\"potentialAction\":[{\"@type\":\"SearchAction\",\"target\":{\"@type\":\"EntryPoint\",\"urlTemplate\":\"https:\/\/renovaction.ca\/en\/?s={search_term_string}\"},\"query-input\":{\"@type\":\"PropertyValueSpecification\",\"valueRequired\":true,\"valueName\":\"search_term_string\"}}],\"inLanguage\":\"fr-FR\"}]}<\/script>\n<!-- \/ Yoast SEO plugin. -->","yoast_head_json":{"title":"Contactez-nous pour vos r\u00e9novations \u00e0 Ottawa | RenovAction","description":"Contactez les experts chez RenovAction pour tous vos projets de r\u00e9novation de maison et d'int\u00e9rieur \u00e0 Ottawa et ils r\u00e9pondront \u00e0 vos questions.","robots":{"index":"index","follow":"follow","max-snippet":"max-snippet:-1","max-image-preview":"max-image-preview:large","max-video-preview":"max-video-preview:-1"},"canonical":"https:\/\/renovaction.ca\/en\/contact\/","og_locale":"fr_FR","og_type":"article","og_title":"Contactez-nous pour vos r\u00e9novations \u00e0 Ottawa | RenovAction","og_description":"Contactez les experts chez RenovAction pour tous vos projets de r\u00e9novation de maison et d'int\u00e9rieur \u00e0 Ottawa et ils r\u00e9pondront \u00e0 vos questions.","og_url":"https:\/\/renovaction.ca\/en\/contact\/","og_site_name":"RenovAction | Ottawa Siding | Ottawa Windows | Ottawa Roofing | Ottawa Home Improvements","article_publisher":"https:\/\/www.facebook.com\/RenovActionHomeImprovements\/","article_modified_time":"2025-01-22T18:07:51+00:00","twitter_card":"summary_large_image","twitter_site":"@renovactionhome","twitter_misc":{"Dur\u00e9e de lecture estim\u00e9e":"1 minute"},"schema":{"@context":"https:\/\/schema.org","@graph":[{"@type":"WebPage","@id":"https:\/\/renovaction.ca\/en\/contact\/","url":"https:\/\/renovaction.ca\/en\/contact\/","name":"Contactez-nous pour vos r\u00e9novations \u00e0 Ottawa | RenovAction","isPartOf":{"@id":"https:\/\/renovaction.ca\/en\/#website"},"datePublished":"2016-01-18T02:23:58+00:00","dateModified":"2025-01-22T18:07:51+00:00","description":"Contactez les experts chez RenovAction pour tous vos projets de r\u00e9novation de maison et d'int\u00e9rieur \u00e0 Ottawa et ils r\u00e9pondront \u00e0 vos questions.","breadcrumb":{"@id":"https:\/\/renovaction.ca\/en\/contact\/#breadcrumb"},"inLanguage":"fr-FR","potentialAction":[{"@type":"ReadAction","target":["https:\/\/renovaction.ca\/en\/contact\/"]}]},{"@type":"BreadcrumbList","@id":"https:\/\/renovaction.ca\/en\/contact\/#breadcrumb","itemListElement":[{"@type":"ListItem","position":1,"name":"Home","item":"https:\/\/renovaction.ca\/en\/"},{"@type":"ListItem","position":2,"name":"Nous joindre"}]},{"@type":"WebSite","@id":"https:\/\/renovaction.ca\/en\/#website","url":"https:\/\/renovaction.ca\/en\/","name":"RenovAction | Ottawa Siding | Ottawa Windows | Ottawa Roofing | Ottawa Home Improvements","description":"RenovAction is a full service renovation company specializing in quality exterior and interior projects in Ottawa.","potentialAction":[{"@type":"SearchAction","target":{"@type":"EntryPoint","urlTemplate":"https:\/\/renovaction.ca\/en\/?s={search_term_string}"},"query-input":{"@type":"PropertyValueSpecification","valueRequired":true,"valueName":"search_term_string"}}],"inLanguage":"fr-FR"}]}},"_links":{"self":[{"href":"https:\/\/renovaction.ca\/fr\/wp-json\/wp\/v2\/pages\/206","targetHints":{"allow":["GET"]}}],"collection":[{"href":"https:\/\/renovaction.ca\/fr\/wp-json\/wp\/v2\/pages"}],"about":[{"href":"https:\/\/renovaction.ca\/fr\/wp-json\/wp\/v2\/types\/page"}],"author":[{"embeddable":true,"href":"https:\/\/renovaction.ca\/fr\/wp-json\/wp\/v2\/users\/1"}],"replies":[{"embeddable":true,"href":"https:\/\/renovaction.ca\/fr\/wp-json\/wp\/v2\/comments?post=206"}],"version-history":[{"count":12,"href":"https:\/\/renovaction.ca\/fr\/wp-json\/wp\/v2\/pages\/206\/revisions"}],"predecessor-version":[{"id":1913,"href":"https:\/\/renovaction.ca\/fr\/wp-json\/wp\/v2\/pages\/206\/revisions\/1913"}],"wp:attachment":[{"href":"https:\/\/renovaction.ca\/fr\/wp-json\/wp\/v2\/media?parent=206"}],"curies":[{"name":"wp","href":"https:\/\/api.w.org\/{rel}","templated":true}]}}